{"id":72,"date":"2024-04-29T11:27:26","date_gmt":"2024-04-29T15:27:26","guid":{"rendered":"http:\/\/wp.raqi.ca\/?page_id=72"},"modified":"2024-04-29T13:41:19","modified_gmt":"2024-04-29T17:41:19","slug":"par-ou-commencer","status":"publish","type":"page","link":"http:\/\/wp.raqi.ca\/index.php\/par-ou-commencer\/","title":{"rendered":"Par o\u00f9 commencer ?"},"content":{"rendered":"\n<p>Comment devenir radiomateur ?<\/p>\n\n\n\n<p>Bienvenue!<\/p>\n\n\n\n<p>Devenir radioamateur n&rsquo;a jamais \u00e9t\u00e9 aussi facile!<\/p>\n\n\n\n<p>Voici votre invitation \u00e0 participer \u00e0 un hobby scientifique int\u00e9ressant pour tout le monde.<br>Les radioamateurs sont des personnes qui appartiennent \u00e0 toutes les couches de la soci\u00e9t\u00e9, peu importe l&rsquo;\u00e2ge, le sexe ou les capacit\u00e9s physiques. Les radioamateurs sont pr\u00e9sents aussi dans la communaut\u00e9 lors de certains \u00e9v\u00e8nements.<\/p>\n\n\n\n<p>On vous sugg\u00e8re de lire l&rsquo;information suivante pour comprendre la r\u00e9glementation et comment devenir radioamateur.<\/p>\n\n\n\n<p>voir\u00a0<a href=\"http:\/\/wp.raqi.ca\/index.php\/licence-et-certificat\/\"><strong>Licence et certificat<\/strong><\/a><\/p>\n\n\n\n<p>Habituellement, des cours de radioamateur sont offerts par des volontaires dans diff\u00e9rentes r\u00e9gions soit par des clubs ou des individus qui vous enseigneront les bases avec plaisir. C&rsquo;est aussi un excellent endroit pour avoir ces premiers contacts. Ces cours sont facultatifs mais recommand\u00e9s.<\/p>\n\n\n\n<p>La F\u00e9d\u00e9ration offre un cours en ligne que vous pouvez suivre \u00e0 votre rythme. Vous trouverez les informations ici<\/p>\n","protected":false},"excerpt":{"rendered":"<p>Comment devenir radiomateur ? Bienvenue! Devenir radioamateur n&rsquo;a jamais \u00e9t\u00e9 aussi facile! Voici votre invitation \u00e0 participer \u00e0 un hobby scientifique int\u00e9ressant pour tout le monde.Les radioamateurs sont des personnes qui appartiennent \u00e0 toutes les couches de la soci\u00e9t\u00e9, peu importe l&rsquo;\u00e2ge, le sexe ou les capacit\u00e9s physiques. Les radioamateurs sont pr\u00e9sents aussi dans la &hellip; <\/p>\n<p><a class=\"more-link btn\" href=\"http:\/\/wp.raqi.ca\/index.php\/par-ou-commencer\/\">Continue reading<\/a><\/p>\n","protected":false},"author":1,"featured_media":0,"parent":0,"menu_order":0,"comment_status":"closed","ping_status":"closed","template":"","meta":{"footnotes":""},"_links":{"self":[{"href":"http:\/\/wp.raqi.ca\/index.php\/wp-json\/wp\/v2\/pages\/72"}],"collection":[{"href":"http:\/\/wp.raqi.ca\/index.php\/wp-json\/wp\/v2\/pages"}],"about":[{"href":"http:\/\/wp.raqi.ca\/index.php\/wp-json\/wp\/v2\/types\/page"}],"author":[{"embeddable":true,"href":"http:\/\/wp.raqi.ca\/index.php\/wp-json\/wp\/v2\/users\/1"}],"replies":[{"embeddable":true,"href":"http:\/\/wp.raqi.ca\/index.php\/wp-json\/wp\/v2\/comments?post=72"}],"version-history":[{"count":3,"href":"http:\/\/wp.raqi.ca\/index.php\/wp-json\/wp\/v2\/pages\/72\/revisions"}],"predecessor-version":[{"id":92,"href":"http:\/\/wp.raqi.ca\/index.php\/wp-json\/wp\/v2\/pages\/72\/revisions\/92"}],"wp:attachment":[{"href":"http:\/\/wp.raqi.ca\/index.php\/wp-json\/wp\/v2\/media?parent=72"}],"curies":[{"name":"wp","href":"https:\/\/api.w.org\/{rel}","templated":true}]}}